{"id":265,"date":"2025-02-11T11:12:07","date_gmt":"2025-02-11T10:12:07","guid":{"rendered":"https:\/\/unesoiree-unsommelier.fr\/?page_id=265"},"modified":"2025-07-10T16:30:52","modified_gmt":"2025-07-10T14:30:52","slug":"evenements","status":"publish","type":"page","link":"https:\/\/unesoiree-unsommelier.fr\/index.php\/evenements\/","title":{"rendered":"\u00c9v\u00e8nements"},"content":{"rendered":"<p>[et_pb_section fb_built=\u00a0\u00bb1&Prime; custom_padding_last_edited=\u00a0\u00bboff|tablet\u00a0\u00bb admin_label=\u00a0\u00bbTaste Our Wine\u00a0\u00bb _builder_version=\u00a0\u00bb4.27.4&Prime; background_color=\u00a0\u00bb#951723&Prime; custom_padding=\u00a0\u00bb0px||0px||true|false\u00a0\u00bb custom_padding_tablet=\u00a0\u00bb||30px||false|false\u00a0\u00bb custom_padding_phone=\u00a0\u00bb||0px||false|false\u00a0\u00bb background_last_edited=\u00a0\u00bbon|phone\u00a0\u00bb background_color_gradient_stops_tablet=\u00a0\u00bb#f9f5f1 20%|#e8e2d7 20%\u00a0\u00bb background_color_gradient_stops_phone=\u00a0\u00bb#f9f5f1 25%|#e8e2d7 25%\u00a0\u00bb background_color_gradient_start_position_tablet=\u00a0\u00bb20%\u00a0\u00bb background_color_gradient_start_position_phone=\u00a0\u00bb25%\u00a0\u00bb background_color_gradient_end_position_tablet=\u00a0\u00bb20%\u00a0\u00bb background_color_gradient_end_position_phone=\u00a0\u00bb25%\u00a0\u00bb locked=\u00a0\u00bboff\u00a0\u00bb global_colors_info=\u00a0\u00bb{}\u00a0\u00bb][et_pb_row _builder_version=\u00a0\u00bb4.27.4&Prime; custom_margin=\u00a0\u00bb0px||||false|false\u00a0\u00bb custom_padding=\u00a0\u00bb48px|||||\u00a0\u00bb global_colors_info=\u00a0\u00bb{}\u00a0\u00bb][et_pb_column type=\u00a0\u00bb4_4&Prime; _builder_version=\u00a0\u00bb4.27.4&Prime; custom_padding=\u00a0\u00bb0px||||false|false\u00a0\u00bb custom_padding_tablet=\u00a0\u00bb0px||40px||false|false\u00a0\u00bb custom_padding_phone=\u00a0\u00bb\u00a0\u00bb custom_padding_last_edited=\u00a0\u00bbon|phone\u00a0\u00bb global_colors_info=\u00a0\u00bb{}\u00a0\u00bb][et_pb_text _builder_version=\u00a0\u00bb4.27.4&Prime; text_font=\u00a0\u00bbLora||||||||\u00a0\u00bb text_line_height=\u00a0\u00bb2em\u00a0\u00bb header_text_color=\u00a0\u00bb#280400&Prime; header_font_size=\u00a0\u00bb100px\u00a0\u00bb header_line_height=\u00a0\u00bb1.2em\u00a0\u00bb max_width_last_edited=\u00a0\u00bboff|phone\u00a0\u00bb header_font_size_tablet=\u00a0\u00bb60px\u00a0\u00bb header_font_size_phone=\u00a0\u00bb40px\u00a0\u00bb header_font_size_last_edited=\u00a0\u00bbon|phone\u00a0\u00bb header_line_height_tablet=\u00a0\u00bb1.4em\u00a0\u00bb header_line_height_phone=\u00a0\u00bb\u00a0\u00bb header_line_height_last_edited=\u00a0\u00bbon|phone\u00a0\u00bb locked=\u00a0\u00bboff\u00a0\u00bb global_colors_info=\u00a0\u00bb{}\u00a0\u00bb max_width__hover_enabled=\u00a0\u00bboff|desktop\u00a0\u00bb]<\/p>\n<h1 style=\"text-align: center;\"><span style=\"color: #ffffff;\">\u00c9v\u00e8nements<\/span><\/h1>\n<p><span style=\"color: #ffffff;\"><\/span><\/p>\n<p>[\/et_pb_text][\/et_pb_column][\/et_pb_row][\/et_pb_section][et_pb_section fb_built=\u00a0\u00bb1&Prime; admin_label=\u00a0\u00bbBottle\u00a0\u00bb _builder_version=\u00a0\u00bb4.16&Prime; background_color=\u00a0\u00bb#f9f5f1&Prime; background_enable_image=\u00a0\u00bboff\u00a0\u00bb background_size=\u00a0\u00bbinitial\u00a0\u00bb saved_tabs=\u00a0\u00bball\u00a0\u00bb locked=\u00a0\u00bboff\u00a0\u00bb global_colors_info=\u00a0\u00bb{}\u00a0\u00bb][et_pb_row _builder_version=\u00a0\u00bb4.27.4&Prime; _module_preset=\u00a0\u00bbdefault\u00a0\u00bb global_colors_info=\u00a0\u00bb{}\u00a0\u00bb][et_pb_column type=\u00a0\u00bb4_4&Prime; _builder_version=\u00a0\u00bb4.27.4&Prime; _module_preset=\u00a0\u00bbdefault\u00a0\u00bb global_colors_info=\u00a0\u00bb{}\u00a0\u00bb][et_pb_text _builder_version=\u00a0\u00bb4.27.4&Prime; _module_preset=\u00a0\u00bbdefault\u00a0\u00bb global_colors_info=\u00a0\u00bb{}\u00a0\u00bb]<\/p>\n<h2 data-start=\"87\" data-end=\"135\">\ud83c\udf77 \u00c9v\u00e9nements Festifs \u00e0 ne pas manquer ! \ud83c\udf89<\/h2>\n<p data-start=\"137\" data-end=\"360\">Chez nous, le vin est une affaire de partage et de convivialit\u00e9 ! En plus de nos cours d&rsquo;\u0153nologie, nous organisons r\u00e9guli\u00e8rement des \u00e9v\u00e9nements festifs pour ravir vos papilles et vous faire d\u00e9couvrir de nouvelles saveurs.<\/p>\n<h3 data-start=\"362\" data-end=\"381\">\u00c0 l&rsquo;affiche :<\/h3>\n<p data-start=\"382\" data-end=\"791\">\ud83e\udd42 <strong data-start=\"385\" data-end=\"406\">Soir\u00e9es Bar \u00e0 Vin<\/strong> \u2013 Venez d\u00e9guster une s\u00e9lection de vins dans une ambiance chaleureuse.<br data-start=\"476\" data-end=\"479\" \/>\ud83e\uddaa <strong data-start=\"482\" data-end=\"511\">Matin\u00e9es Hu\u00eetres &amp; Blancs<\/strong> \u2013 Un accord parfait entre fra\u00eecheur et min\u00e9ralit\u00e9.<br data-start=\"562\" data-end=\"565\" \/>\ud83d\udd25 <strong data-start=\"568\" data-end=\"604\">Brasero Raclette &amp; C\u00f4tes de B\u0153uf<\/strong> \u2013 Pour les amateurs de grillades et de fromages fondants.<br data-start=\"662\" data-end=\"665\" \/>\ud83c\udf77 <strong data-start=\"668\" data-end=\"701\">Rencontres avec les Vignerons<\/strong> \u2013 Des journ\u00e9es d\u00e9gustation pour explorer des domaines et \u00e9changer avec les producteurs.<\/p>\n<p data-start=\"793\" data-end=\"867\">\ud83d\udcc5 <strong data-start=\"796\" data-end=\"826\">Prochaines dates \u00e0 venir !<\/strong> Restez connect\u00e9s pour ne rien manquer.<\/p>\n<p data-start=\"869\" data-end=\"940\">\u27a1 Suivez-nous sur nos r\u00e9seaux ou passez nous voir pour plus d\u2019infos !<\/p>\n<p>[\/et_pb_text][et_pb_image src=\u00a0\u00bbhttps:\/\/unesoiree-unsommelier.fr\/wp-content\/uploads\/2025\/07\/soiree-1-aout-724&#215;1024.jpg\u00a0\u00bb _builder_version=\u00a0\u00bb4.27.4&Prime; _module_preset=\u00a0\u00bbdefault\u00a0\u00bb title_text=\u00a0\u00bbsoiree 1 aout\u00a0\u00bb hover_enabled=\u00a0\u00bb0&Prime; sticky_enabled=\u00a0\u00bb0&Prime;][\/et_pb_image][\/et_pb_column][\/et_pb_row][\/et_pb_section][et_pb_section fb_built=\u00a0\u00bb1&Prime; specialty=\u00a0\u00bbon\u00a0\u00bb admin_label=\u00a0\u00bbFooter\u00a0\u00bb _builder_version=\u00a0\u00bb4.16&Prime; use_background_color_gradient=\u00a0\u00bbon\u00a0\u00bb background_color_gradient_direction=\u00a0\u00bb90deg\u00a0\u00bb background_color_gradient_stops=\u00a0\u00bb#f9f5f1 60%|#e8e2d7 60%\u00a0\u00bb background_color_gradient_start=\u00a0\u00bb#f9f5f1&Prime; background_color_gradient_start_position=\u00a0\u00bb60%\u00a0\u00bb background_color_gradient_end=\u00a0\u00bb#e8e2d7&Prime; background_color_gradient_end_position=\u00a0\u00bb3%\u00a0\u00bb background_image=\u00a0\u00bbhttps:\/\/unesoiree-unsommelier.fr\/wp-content\/uploads\/2025\/01\/winery-37.png\u00a0\u00bb background_size=\u00a0\u00bbinitial\u00a0\u00bb custom_padding=\u00a0\u00bb100px||||false|false\u00a0\u00bb hover_enabled=\u00a0\u00bb0&Prime; background_last_edited=\u00a0\u00bbon|desktop\u00a0\u00bb background_color_gradient_stops_tablet=\u00a0\u00bb#f9f5f1 80%|#e8e2d7 80%\u00a0\u00bb background_color_gradient_stops_phone=\u00a0\u00bb#f9f5f1 75%|#e8e2d7 75%\u00a0\u00bb background_color_gradient_start_position_tablet=\u00a0\u00bb80%\u00a0\u00bb background_color_gradient_start_position_phone=\u00a0\u00bb75%\u00a0\u00bb background_color_gradient_end_position_tablet=\u00a0\u00bb80%\u00a0\u00bb background_color_gradient_end_position_phone=\u00a0\u00bb75%\u00a0\u00bb background_position_tablet=\u00a0\u00bbbottom_center\u00a0\u00bb locked=\u00a0\u00bboff\u00a0\u00bb global_colors_info=\u00a0\u00bb{}\u00a0\u00bb sticky_enabled=\u00a0\u00bb0&Prime;][et_pb_column type=\u00a0\u00bb1_2&Prime; _builder_version=\u00a0\u00bb4.16&Prime; custom_padding=\u00a0\u00bb|||\u00a0\u00bb global_colors_info=\u00a0\u00bb{}\u00a0\u00bb custom_padding__hover=\u00a0\u00bb|||\u00a0\u00bb][et_pb_text _builder_version=\u00a0\u00bb4.27.4&Prime; text_font=\u00a0\u00bbLora||||||||\u00a0\u00bb header_2_font=\u00a0\u00bb|||on|||||\u00a0\u00bb header_2_text_color=\u00a0\u00bb#280400&Prime; header_2_font_size=\u00a0\u00bb80px\u00a0\u00bb header_2_letter_spacing=\u00a0\u00bb8px\u00a0\u00bb header_2_line_height=\u00a0\u00bb1.2em\u00a0\u00bb max_width_tablet=\u00a0\u00bb\u00a0\u00bb max_width_phone=\u00a0\u00bb\u00a0\u00bb max_width_last_edited=\u00a0\u00bbon|desktop\u00a0\u00bb header_2_font_size_tablet=\u00a0\u00bb40px\u00a0\u00bb header_2_font_size_phone=\u00a0\u00bb28px\u00a0\u00bb header_2_font_size_last_edited=\u00a0\u00bbon|phone\u00a0\u00bb header_2_line_height_tablet=\u00a0\u00bb1.4em\u00a0\u00bb header_2_line_height_phone=\u00a0\u00bb\u00a0\u00bb header_2_line_height_last_edited=\u00a0\u00bbon|phone\u00a0\u00bb locked=\u00a0\u00bboff\u00a0\u00bb global_colors_info=\u00a0\u00bb{}\u00a0\u00bb]<\/p>\n<h3 style=\"text-align: left;\"><strong>Actualit\u00e9s et nouveaut\u00e9s<\/strong><\/h3>\n<h3 style=\"text-align: left;\"><strong>suivez les pages de la cave !<\/strong><\/h3>\n<p>[\/et_pb_text][et_pb_social_media_follow _builder_version=\u00a0\u00bb4.27.4&Prime; _module_preset=\u00a0\u00bbdefault\u00a0\u00bb global_colors_info=\u00a0\u00bb{}\u00a0\u00bb][et_pb_social_media_follow_network social_network=\u00a0\u00bbfacebook\u00a0\u00bb url=\u00a0\u00bbhttps:\/\/www.facebook.com\/Unesoireeunsommelier\u00a0\u00bb _builder_version=\u00a0\u00bb4.27.4&Prime; _module_preset=\u00a0\u00bbdefault\u00a0\u00bb background_color=\u00a0\u00bb#3b5998&Prime; global_colors_info=\u00a0\u00bb{}\u00a0\u00bb follow_button=\u00a0\u00bboff\u00a0\u00bb url_new_window=\u00a0\u00bbon\u00a0\u00bb]facebook[\/et_pb_social_media_follow_network][et_pb_social_media_follow_network social_network=\u00a0\u00bbinstagram\u00a0\u00bb url=\u00a0\u00bbhttps:\/\/www.instagram.com\/une_soiree_un_sommelier\/\u00a0\u00bb _builder_version=\u00a0\u00bb4.27.4&Prime; _module_preset=\u00a0\u00bbdefault\u00a0\u00bb background_color=\u00a0\u00bb#ea2c59&Prime; global_colors_info=\u00a0\u00bb{}\u00a0\u00bb follow_button=\u00a0\u00bboff\u00a0\u00bb url_new_window=\u00a0\u00bbon\u00a0\u00bb]instagram[\/et_pb_social_media_follow_network][et_pb_social_media_follow_network social_network=\u00a0\u00bbtiktok\u00a0\u00bb url=\u00a0\u00bbhttps:\/\/www.tiktok.com\/@une_soiree_un_sommelier\u00a0\u00bb _builder_version=\u00a0\u00bb4.27.4&Prime; _module_preset=\u00a0\u00bbdefault\u00a0\u00bb background_color=\u00a0\u00bb#fe2c55&Prime; global_colors_info=\u00a0\u00bb{}\u00a0\u00bb follow_button=\u00a0\u00bboff\u00a0\u00bb url_new_window=\u00a0\u00bbon\u00a0\u00bb]tiktok[\/et_pb_social_media_follow_network][\/et_pb_social_media_follow][\/et_pb_column][et_pb_column type=\u00a0\u00bb1_2&Prime; specialty_columns=\u00a0\u00bb2&Prime; _builder_version=\u00a0\u00bb4.16&Prime; custom_padding=\u00a0\u00bb|||\u00a0\u00bb global_colors_info=\u00a0\u00bb{}\u00a0\u00bb custom_padding__hover=\u00a0\u00bb|||\u00a0\u00bb][et_pb_row_inner _builder_version=\u00a0\u00bb4.27.4&Prime; background_color=\u00a0\u00bb#951723&Prime; max_width=\u00a0\u00bb314px\u00a0\u00bb custom_margin=\u00a0\u00bb||||false|false\u00a0\u00bb custom_padding=\u00a0\u00bb|30px||30px|true|true\u00a0\u00bb scroll_vertical_motion_enable=\u00a0\u00bbon\u00a0\u00bb scroll_vertical_motion=\u00a0\u00bb0|0|0|50|0|0|-2&Prime; motion_trigger_start=\u00a0\u00bbtop\u00a0\u00bb scroll_vertical_motion_tablet=\u00a0\u00bb0|0|0|50|0|0|0&Prime; scroll_vertical_motion_phone=\u00a0\u00bb\u00a0\u00bb scroll_vertical_motion_last_edited=\u00a0\u00bbon|tablet\u00a0\u00bb global_colors_info=\u00a0\u00bb{}\u00a0\u00bb][et_pb_column_inner saved_specialty_column_type=\u00a0\u00bb1_2&Prime; _builder_version=\u00a0\u00bb4.16&Prime; global_colors_info=\u00a0\u00bb{}\u00a0\u00bb][et_pb_text _builder_version=\u00a0\u00bb4.27.4&Prime; link_font=\u00a0\u00bbLora||on||||||\u00a0\u00bb link_text_color=\u00a0\u00bb#ffffff\u00a0\u00bb link_line_height=\u00a0\u00bb2em\u00a0\u00bb header_3_font=\u00a0\u00bb|700||on|||||\u00a0\u00bb header_3_font_size=\u00a0\u00bb12px\u00a0\u00bb header_3_letter_spacing=\u00a0\u00bb2px\u00a0\u00bb header_3_line_height=\u00a0\u00bb1.4em\u00a0\u00bb background_layout=\u00a0\u00bbdark\u00a0\u00bb link_font_size_tablet=\u00a0\u00bb20px\u00a0\u00bb link_font_size_phone=\u00a0\u00bb18px\u00a0\u00bb link_font_size_last_edited=\u00a0\u00bboff|desktop\u00a0\u00bb locked=\u00a0\u00bboff\u00a0\u00bb global_colors_info=\u00a0\u00bb{}\u00a0\u00bb]<\/p>\n<h3>T\u00e9l\u00e9phone<\/h3>\n<p>06 23 91 02 00<\/p>\n<p>&nbsp;<\/p>\n<p>[\/et_pb_text][et_pb_text _builder_version=\u00a0\u00bb4.27.4&Prime; link_font=\u00a0\u00bbLora||on||||||\u00a0\u00bb link_text_color=\u00a0\u00bb#ffffff\u00a0\u00bb link_line_height=\u00a0\u00bb2em\u00a0\u00bb header_3_font=\u00a0\u00bb|700||on|||||\u00a0\u00bb header_3_font_size=\u00a0\u00bb12px\u00a0\u00bb header_3_letter_spacing=\u00a0\u00bb2px\u00a0\u00bb header_3_line_height=\u00a0\u00bb1.4em\u00a0\u00bb background_layout=\u00a0\u00bbdark\u00a0\u00bb custom_margin=\u00a0\u00bb40px||||false|false\u00a0\u00bb link_font_size_tablet=\u00a0\u00bb20px\u00a0\u00bb link_font_size_phone=\u00a0\u00bb18px\u00a0\u00bb link_font_size_last_edited=\u00a0\u00bbon|phone\u00a0\u00bb locked=\u00a0\u00bboff\u00a0\u00bb global_colors_info=\u00a0\u00bb{}\u00a0\u00bb]<\/p>\n<h3>Adresse<\/h3>\n<p>200 Av. des Marais, 38260 Penol<\/p>\n<p>&nbsp;<\/p>\n<p>[\/et_pb_text][et_pb_text _builder_version=\u00a0\u00bb4.27.4&Prime; _module_preset=\u00a0\u00bbdefault\u00a0\u00bb text_text_color=\u00a0\u00bb#FFFFFF\u00a0\u00bb global_colors_info=\u00a0\u00bb{}\u00a0\u00bb]<\/p>\n<p>Lundi &amp; Mardi : Ferm\u00e9<\/p>\n<p>Mercredi au Vendredi : 9h30 \u2013 12h<\/p>\n<p>15h30 \u2013 19h<\/p>\n<p>Samedi : 9h30 \u2013 12h30<\/p>\n<p>15h \u2013 19h<\/p>\n<p>Dimanche : 10h \u2013 12h<\/p>\n<p>[\/et_pb_text][\/et_pb_column_inner][\/et_pb_row_inner][\/et_pb_column][\/et_pb_section]<\/p>\n","protected":false},"excerpt":{"rendered":"<p>\u00c9v\u00e8nements \ud83c\udf77 \u00c9v\u00e9nements Festifs \u00e0 ne pas manquer ! \ud83c\udf89 Chez nous, le vin est une affaire de partage et de convivialit\u00e9 ! En plus de nos cours d&rsquo;\u0153nologie, nous organisons r\u00e9guli\u00e8rement des \u00e9v\u00e9nements festifs pour ravir vos papilles et vous faire d\u00e9couvrir de nouvelles saveurs. \u00c0 l&rsquo;affiche : \ud83e\udd42 Soir\u00e9es Bar \u00e0 Vin \u2013 [&hellip;]<\/p>\n","protected":false},"author":2,"featured_media":0,"parent":0,"menu_order":0,"comment_status":"closed","ping_status":"closed","template":"","meta":{"_et_pb_use_builder":"on","_et_pb_old_content":"","_et_gb_content_width":"","footnotes":""},"class_list":["post-265","page","type-page","status-publish","hentry"],"yoast_head":"<!-- This site is optimized with the Yoast SEO plugin v27.5 - https:\/\/yoast.com\/product\/yoast-seo-wordpress\/ -->\n<title>\u00c9v\u00e8nements - La Cave Du Sommelier<\/title>\n<meta name=\"robots\" content=\"index, follow, max-snippet:-1, max-image-preview:large, max-video-preview:-1\" \/>\n<link rel=\"canonical\" href=\"https:\/\/unesoiree-unsommelier.fr\/index.php\/evenements\/\" \/>\n<meta property=\"og:locale\" content=\"fr_FR\" \/>\n<meta property=\"og:type\" content=\"article\" \/>\n<meta property=\"og:title\" content=\"\u00c9v\u00e8nements - La Cave Du Sommelier\" \/>\n<meta property=\"og:description\" content=\"\u00c9v\u00e8nements \ud83c\udf77 \u00c9v\u00e9nements Festifs \u00e0 ne pas manquer ! \ud83c\udf89 Chez nous, le vin est une affaire de partage et de convivialit\u00e9 ! En plus de nos cours d&#039;\u0153nologie, nous organisons r\u00e9guli\u00e8rement des \u00e9v\u00e9nements festifs pour ravir vos papilles et vous faire d\u00e9couvrir de nouvelles saveurs. \u00c0 l&#039;affiche : \ud83e\udd42 Soir\u00e9es Bar \u00e0 Vin \u2013 [&hellip;]\" \/>\n<meta property=\"og:url\" content=\"https:\/\/unesoiree-unsommelier.fr\/index.php\/evenements\/\" \/>\n<meta property=\"og:site_name\" content=\"La Cave Du Sommelier\" \/>\n<meta property=\"article:modified_time\" content=\"2025-07-10T14:30:52+00:00\" \/>\n<meta name=\"twitter:card\" content=\"summary_large_image\" \/>\n<script type=\"application\/ld+json\" class=\"yoast-schema-graph\">{\"@context\":\"https:\\\/\\\/schema.org\",\"@graph\":[{\"@type\":\"WebPage\",\"@id\":\"https:\\\/\\\/unesoiree-unsommelier.fr\\\/index.php\\\/evenements\\\/\",\"url\":\"https:\\\/\\\/unesoiree-unsommelier.fr\\\/index.php\\\/evenements\\\/\",\"name\":\"\u00c9v\u00e8nements - La Cave Du Sommelier\",\"isPartOf\":{\"@id\":\"https:\\\/\\\/unesoiree-unsommelier.fr\\\/#website\"},\"datePublished\":\"2025-02-11T10:12:07+00:00\",\"dateModified\":\"2025-07-10T14:30:52+00:00\",\"breadcrumb\":{\"@id\":\"https:\\\/\\\/unesoiree-unsommelier.fr\\\/index.php\\\/evenements\\\/#breadcrumb\"},\"inLanguage\":\"fr-FR\",\"potentialAction\":[{\"@type\":\"ReadAction\",\"target\":[\"https:\\\/\\\/unesoiree-unsommelier.fr\\\/index.php\\\/evenements\\\/\"]}]},{\"@type\":\"BreadcrumbList\",\"@id\":\"https:\\\/\\\/unesoiree-unsommelier.fr\\\/index.php\\\/evenements\\\/#breadcrumb\",\"itemListElement\":[{\"@type\":\"ListItem\",\"position\":1,\"name\":\"Home\",\"item\":\"https:\\\/\\\/unesoiree-unsommelier.fr\\\/\"},{\"@type\":\"ListItem\",\"position\":2,\"name\":\"\u00c9v\u00e8nements\"}]},{\"@type\":\"WebSite\",\"@id\":\"https:\\\/\\\/unesoiree-unsommelier.fr\\\/#website\",\"url\":\"https:\\\/\\\/unesoiree-unsommelier.fr\\\/\",\"name\":\"La Cave Du Sommelier\",\"description\":\"\",\"potentialAction\":[{\"@type\":\"SearchAction\",\"target\":{\"@type\":\"EntryPoint\",\"urlTemplate\":\"https:\\\/\\\/unesoiree-unsommelier.fr\\\/?s={search_term_string}\"},\"query-input\":{\"@type\":\"PropertyValueSpecification\",\"valueRequired\":true,\"valueName\":\"search_term_string\"}}],\"inLanguage\":\"fr-FR\"}]}<\/script>\n<!-- \/ Yoast SEO plugin. -->","yoast_head_json":{"title":"\u00c9v\u00e8nements - La Cave Du Sommelier","robots":{"index":"index","follow":"follow","max-snippet":"max-snippet:-1","max-image-preview":"max-image-preview:large","max-video-preview":"max-video-preview:-1"},"canonical":"https:\/\/unesoiree-unsommelier.fr\/index.php\/evenements\/","og_locale":"fr_FR","og_type":"article","og_title":"\u00c9v\u00e8nements - La Cave Du Sommelier","og_description":"\u00c9v\u00e8nements \ud83c\udf77 \u00c9v\u00e9nements Festifs \u00e0 ne pas manquer ! \ud83c\udf89 Chez nous, le vin est une affaire de partage et de convivialit\u00e9 ! En plus de nos cours d'\u0153nologie, nous organisons r\u00e9guli\u00e8rement des \u00e9v\u00e9nements festifs pour ravir vos papilles et vous faire d\u00e9couvrir de nouvelles saveurs. \u00c0 l'affiche : \ud83e\udd42 Soir\u00e9es Bar \u00e0 Vin \u2013 [&hellip;]","og_url":"https:\/\/unesoiree-unsommelier.fr\/index.php\/evenements\/","og_site_name":"La Cave Du Sommelier","article_modified_time":"2025-07-10T14:30:52+00:00","twitter_card":"summary_large_image","schema":{"@context":"https:\/\/schema.org","@graph":[{"@type":"WebPage","@id":"https:\/\/unesoiree-unsommelier.fr\/index.php\/evenements\/","url":"https:\/\/unesoiree-unsommelier.fr\/index.php\/evenements\/","name":"\u00c9v\u00e8nements - La Cave Du Sommelier","isPartOf":{"@id":"https:\/\/unesoiree-unsommelier.fr\/#website"},"datePublished":"2025-02-11T10:12:07+00:00","dateModified":"2025-07-10T14:30:52+00:00","breadcrumb":{"@id":"https:\/\/unesoiree-unsommelier.fr\/index.php\/evenements\/#breadcrumb"},"inLanguage":"fr-FR","potentialAction":[{"@type":"ReadAction","target":["https:\/\/unesoiree-unsommelier.fr\/index.php\/evenements\/"]}]},{"@type":"BreadcrumbList","@id":"https:\/\/unesoiree-unsommelier.fr\/index.php\/evenements\/#breadcrumb","itemListElement":[{"@type":"ListItem","position":1,"name":"Home","item":"https:\/\/unesoiree-unsommelier.fr\/"},{"@type":"ListItem","position":2,"name":"\u00c9v\u00e8nements"}]},{"@type":"WebSite","@id":"https:\/\/unesoiree-unsommelier.fr\/#website","url":"https:\/\/unesoiree-unsommelier.fr\/","name":"La Cave Du Sommelier","description":"","potentialAction":[{"@type":"SearchAction","target":{"@type":"EntryPoint","urlTemplate":"https:\/\/unesoiree-unsommelier.fr\/?s={search_term_string}"},"query-input":{"@type":"PropertyValueSpecification","valueRequired":true,"valueName":"search_term_string"}}],"inLanguage":"fr-FR"}]}},"_links":{"self":[{"href":"https:\/\/unesoiree-unsommelier.fr\/index.php\/wp-json\/wp\/v2\/pages\/265","targetHints":{"allow":["GET"]}}],"collection":[{"href":"https:\/\/unesoiree-unsommelier.fr\/index.php\/wp-json\/wp\/v2\/pages"}],"about":[{"href":"https:\/\/unesoiree-unsommelier.fr\/index.php\/wp-json\/wp\/v2\/types\/page"}],"author":[{"embeddable":true,"href":"https:\/\/unesoiree-unsommelier.fr\/index.php\/wp-json\/wp\/v2\/users\/2"}],"replies":[{"embeddable":true,"href":"https:\/\/unesoiree-unsommelier.fr\/index.php\/wp-json\/wp\/v2\/comments?post=265"}],"version-history":[{"count":8,"href":"https:\/\/unesoiree-unsommelier.fr\/index.php\/wp-json\/wp\/v2\/pages\/265\/revisions"}],"predecessor-version":[{"id":401,"href":"https:\/\/unesoiree-unsommelier.fr\/index.php\/wp-json\/wp\/v2\/pages\/265\/revisions\/401"}],"wp:attachment":[{"href":"https:\/\/unesoiree-unsommelier.fr\/index.php\/wp-json\/wp\/v2\/media?parent=265"}],"curies":[{"name":"wp","href":"https:\/\/api.w.org\/{rel}","templated":true}]}}